{"id":3291,"date":"2024-10-22T17:21:26","date_gmt":"2024-10-22T14:21:26","guid":{"rendered":"https:\/\/ollisavolainen.fi\/valmennus\/?post_type=product&#038;p=3291"},"modified":"2025-06-09T19:22:07","modified_gmt":"2025-06-09T16:22:07","slug":"valmennus-5-kerran-kortti","status":"publish","type":"product","link":"https:\/\/ollisavolainen.fi\/valmennus\/product\/valmennus-5-kerran-kortti\/","title":{"rendered":"Valmennus 5 kerran kortti"},"content":{"rendered":"<p>5x valmennuskertaa 45min tai inquirykertaa 60min<\/p>\n<p>Arvonlis\u00e4vero lis\u00e4t\u00e4\u00e4n tilaukseen maksuvaiheessa.<\/p>\n","protected":false},"excerpt":{"rendered":"<p>Kehollinen tunnevalmennus. Huomaathan ett\u00e4 valmennuksen alkamisen edellytys on lyhyt tutustumiskeskustelu, jossa varmistamme palveluideni sopivuuden sinulle.<\/p>\n","protected":false},"featured_media":3309,"template":"","meta":{"hide_page_title":""},"product_brand":[],"product_cat":[38],"product_tag":[],"class_list":{"0":"post-3291","1":"product","2":"type-product","3":"status-publish","4":"has-post-thumbnail","6":"product_cat-valmennus","8":"first","9":"instock","10":"downloadable","11":"virtual","12":"taxable","13":"purchasable","14":"product-type-simple"},"jetpack_sharing_enabled":true,"_links":{"self":[{"href":"https:\/\/ollisavolainen.fi\/valmennus\/wp-json\/wp\/v2\/product\/3291","targetHints":{"allow":["GET"]}}],"collection":[{"href":"https:\/\/ollisavolainen.fi\/valmennus\/wp-json\/wp\/v2\/product"}],"about":[{"href":"https:\/\/ollisavolainen.fi\/valmennus\/wp-json\/wp\/v2\/types\/product"}],"wp:featuredmedia":[{"embeddable":true,"href":"https:\/\/ollisavolainen.fi\/valmennus\/wp-json\/wp\/v2\/media\/3309"}],"wp:attachment":[{"href":"https:\/\/ollisavolainen.fi\/valmennus\/wp-json\/wp\/v2\/media?parent=3291"}],"wp:term":[{"taxonomy":"product_brand","embeddable":true,"href":"https:\/\/ollisavolainen.fi\/valmennus\/wp-json\/wp\/v2\/product_brand?post=3291"},{"taxonomy":"product_cat","embeddable":true,"href":"https:\/\/ollisavolainen.fi\/valmennus\/wp-json\/wp\/v2\/product_cat?post=3291"},{"taxonomy":"product_tag","embeddable":true,"href":"https:\/\/ollisavolainen.fi\/valmennus\/wp-json\/wp\/v2\/product_tag?post=3291"}],"curies":[{"name":"wp","href":"https:\/\/api.w.org\/{rel}","templated":true}]}}