{"id":405,"date":"2021-08-25T11:25:22","date_gmt":"2021-08-25T08:25:22","guid":{"rendered":"https:\/\/ollisavolainen.fi\/tunnetaitojen-ohjaus\/"},"modified":"2021-08-25T11:32:02","modified_gmt":"2021-08-25T08:32:02","slug":"tunnetaitojen-ohjaus","status":"publish","type":"page","link":"https:\/\/ollisavolainen.fi\/valmennus\/tunnetaitojen-ohjaus\/","title":{"rendered":"Tunnetaitojen ohjaus"},"content":{"rendered":"\n<p>Parasta on se kun ajatusten myllerryksen saa hetkeksi taukoamaan. Kun pystyy rentoutumaan eik\u00e4 ajatukset tunnukaan v\u00e4ltt\u00e4m\u00e4tt\u00e4 en\u00e4\u00e4 niin olennaisilta. Kun voi p\u00e4\u00e4st\u00e4 kosketuksiin syvempien kokemusten kanssa itsest\u00e4 ja tehd\u00e4 l\u00f6yt\u00f6j\u00e4.<\/p>\n\n\n\n<p>En voi taata ett\u00e4 n\u00e4in tapahtuu kohdallasi, mutta monelle ty\u00f6kalut toimivat.<\/p>\n\n\n\n<p>Keskeisess\u00e4 osassa tunnetaitojen ohjauksessa on oppia sanoittamaan, kertomaan kokemuksestaan. <\/p>\n\n\n\n<p>Toisten ihmisten kanssa helpottaa kun siit\u00e4 kerrotaan omana kokemuksena. Ei seurauksena muiden toiminnasta. <\/p>\n\n\n\n<p>T\u00e4m\u00e4 voi mahdollistaa ihmistem v\u00e4lille yhteyden, sen sijaan ett\u00e4 keskusteltaisiin vain pinnallisista tosiasioista. Mik\u00e4 kummallekin meist\u00e4 on t\u00e4rke\u00e4\u00e4 t\u00e4ss\u00e4? Mik\u00e4 on vaikeaa tai kivuliasta? Mik\u00e4 on innostavaa tai iloista tai jopa nautinnollista? Mik\u00e4 innostaa, mik\u00e4 huolestuttaa?<\/p>\n\n\n\n<p><\/p>\n","protected":false},"excerpt":{"rendered":"<p>Parasta on se kun ajatusten myllerryksen saa hetkeksi taukoamaan. Kun pystyy rentoutumaan eik\u00e4 ajatukset tunnukaan v\u00e4ltt\u00e4m\u00e4tt\u00e4 en\u00e4\u00e4 niin olennaisilta. Kun voi p\u00e4\u00e4st\u00e4 kosketuksiin syvempien kokemusten kanssa itsest\u00e4 ja tehd\u00e4 l\u00f6yt\u00f6j\u00e4. En voi taata ett\u00e4 n\u00e4in tapahtuu kohdallasi, mutta monelle ty\u00f6kalut toimivat. Keskeisess\u00e4 osassa tunnetaitojen ohjauksessa on oppia sanoittamaan, kertomaan kokemuksestaan. Toisten ihmisten kanssa helpottaa kun [&hellip;]<\/p>\n","protected":false},"author":1,"featured_media":0,"parent":0,"menu_order":0,"comment_status":"closed","ping_status":"closed","template":"","meta":{"hide_page_title":"","footnotes":""},"class_list":["post-405","page","type-page","status-publish","hentry"],"jetpack_sharing_enabled":true,"_links":{"self":[{"href":"https:\/\/ollisavolainen.fi\/valmennus\/wp-json\/wp\/v2\/pages\/405","targetHints":{"allow":["GET"]}}],"collection":[{"href":"https:\/\/ollisavolainen.fi\/valmennus\/wp-json\/wp\/v2\/pages"}],"about":[{"href":"https:\/\/ollisavolainen.fi\/valmennus\/wp-json\/wp\/v2\/types\/page"}],"author":[{"embeddable":true,"href":"https:\/\/ollisavolainen.fi\/valmennus\/wp-json\/wp\/v2\/users\/1"}],"replies":[{"embeddable":true,"href":"https:\/\/ollisavolainen.fi\/valmennus\/wp-json\/wp\/v2\/comments?post=405"}],"version-history":[{"count":1,"href":"https:\/\/ollisavolainen.fi\/valmennus\/wp-json\/wp\/v2\/pages\/405\/revisions"}],"predecessor-version":[{"id":406,"href":"https:\/\/ollisavolainen.fi\/valmennus\/wp-json\/wp\/v2\/pages\/405\/revisions\/406"}],"wp:attachment":[{"href":"https:\/\/ollisavolainen.fi\/valmennus\/wp-json\/wp\/v2\/media?parent=405"}],"curies":[{"name":"wp","href":"https:\/\/api.w.org\/{rel}","templated":true}]}}