{"id":329,"date":"2021-07-27T20:11:56","date_gmt":"2021-07-27T17:11:56","guid":{"rendered":"https:\/\/ollisavolainen.fi\/wordpress\/?page_id=329"},"modified":"2022-05-04T18:02:05","modified_gmt":"2022-05-04T15:02:05","slug":"mista-tapaamisissa-on-kyse","status":"publish","type":"page","link":"https:\/\/ollisavolainen.fi\/valmennus\/mista-tapaamisissa-on-kyse\/","title":{"rendered":"L\u00e4sn\u00e4olevasta valmennuksesta \/ Arvot"},"content":{"rendered":"\n<h2 class=\"wp-block-heading\">Arvot<\/h2>\n\n\n\n<p>Aikuisten, vastuunsa kantavien ihmisten my\u00f6t\u00e4tuntoinen, syd\u00e4mest\u00e4 tapahtuva toimiminen. Ihmisyyden n\u00e4keminen integroituneemmin, ei pelkk\u00e4n\u00e4 puhuvana p\u00e4\u00e4n\u00e4 johon on liitetty irrallinen keho ja \u00e4lypuhelin. <\/p>\n\n\n\n<p>Yhteiskunnassa n\u00e4kyy kirkkaana se, ett\u00e4 tarvitsemme lis\u00e4\u00e4 ihmisi\u00e4 jotka eiv\u00e4t reagoi sokeasti, vaan omistavat oman tilansa. Kykenev\u00e4t olemaan kosketuksissa omaan kehoonsa ja omiin tunteisiinsa, ja toimimaan aikuisina maailmassa jotka kykenev\u00e4t autenttiseen vuorovaikutukseen.<\/p>\n\n\n\n<p>Tuen ihmisi\u00e4 joiden kanssa sit\u00e4 teen, laskeutumaan itseens\u00e4 ja l\u00f6yt\u00e4m\u00e4\u00e4n itsest\u00e4\u00e4n uutta vapautta ja voimaa ja luovuutta ja uteliaisuutta. Saamaan kosketusta omaan kehoonsa ja omiin tunteisiinsa. Antaa pilkahduksia ihmisille, joita n\u00e4m\u00e4 ihmiset kohtaavat, siit\u00e4 kuinka joku heid\u00e4n el\u00e4m\u00e4ss\u00e4\u00e4n seisoo omilla jaloillaan ja on vapaa.<\/p>\n\n\n\n<h2 class=\"wp-block-heading\">Periaatteet<\/h2>\n\n\n\n<p>Yksityisyyden suoja kanssani ty\u00f6skennelless\u00e4 on ehdoton. Sallivuus tilassa on ehdoton lain ja l\u00e4sn\u00e4olon kutsun rajoissa. Asetan selke\u00e4t rajat ja selkeyt\u00e4n odotukset ty\u00f6skentelylle niin, ett\u00e4 se jonka kanssa ty\u00f6skentelen, voi rentoutua ty\u00f6skentelem\u00e4\u00e4n itsens\u00e4 kanssa. Toinen on silti lopulta aina itse vastuussa itsest\u00e4\u00e4n eik\u00e4 tarkoitukseni ole auttaa &#8211; vain mahdollistaa.<\/p>\n\n\n\n<p><strong>Mit\u00e4 en haluaisi ty\u00f6ni tuottavan? <\/strong>Dissosiaatiota tai turvattomuutta. Turhaa vastareaktiota, ennakkoluuloja. Aion suunnitella ty\u00f6n niin ett\u00e4 asetan odotukset ja rajat n\u00e4m\u00e4 v\u00e4ltt\u00e4\u00e4kseni. Kommunikoin esim sen turvakeinon, ett\u00e4 harjoituksen j\u00e4lkeen on hyv\u00e4 v\u00e4ltt\u00e4\u00e4 pinnallista sosiaalista vuorovaikutusta ja pysy\u00e4 l\u00e4sn\u00e4 sille, mit\u00e4 itsess\u00e4 her\u00e4\u00e4.<\/p>\n\n\n\n<h2 class=\"wp-block-heading\">Valmennus<\/h2>\n\n\n\n<p>Voit tulla valmennukseen mink\u00e4 tahansa sinua koskettavan asian kanssa. <\/p>\n\n\n\n<p>Voin haastaa toista laskeutumaan omaan intentioonsa olla v\u00e4h\u00e4n enemm\u00e4n avoimesti oma itsens\u00e4, mit\u00e4 ikin\u00e4 se tarkoittaakaan. Tukea l\u00e4sn\u00e4ololla ottamaan itsens\u00e4 tosissaan. Houkutella leikkisyyteen ja rentouteen. T\u00f6ni\u00e4 l\u00f6yt\u00e4m\u00e4\u00e4n oma voimansa. Suostua katsomaan omaa haavoittuvuuttaan. Leikkim\u00e4\u00e4n kehollaan. R\u00e4j\u00e4ht\u00e4m\u00e4\u00e4n nauruun. Laskeutumaan syv\u00e4lle.<\/p>\n\n\n\n<p>Kaunis ty\u00f6 on villi\u00e4 ja hell\u00e4\u00e4. Raakaa ja haavoittuvaa, rumuuden ja kivun esille tuovaa. Arkista ja todellista, pilviin nousevaa ja vapaata kun sille on tarve. Maadoittavaa, selkeytt\u00e4v\u00e4\u00e4, sit\u00e4 joka tukee laskeutumista aikuiseksi omaan el\u00e4m\u00e4\u00e4n.<\/p>\n\n\n\n<p>Minulla ei ole tapaamisessa ei ole kanssasi tavoitetta tai agendaa, vain my\u00f6t\u00e4tuntoista ja kiinnostunutta asennetta. Voit tulla ihan vaikka vaan heng\u00e4ht\u00e4m\u00e4\u00e4n arjelta, tai miksei katsomaan jotakin itsess\u00e4si tai el\u00e4m\u00e4ss\u00e4. Tai mit\u00e4 vaan silt\u00e4 v\u00e4lilt\u00e4.<\/p>\n\n\n\n<blockquote class=\"wp-block-quote is-layout-flow wp-block-quote-is-layout-flow\"><p>Se tuntuu todella todella turvalliselta. Haluan jonkun vain olevan kanssani yritt\u00e4m\u00e4tt\u00e4 korjata sit\u00e4. Arvostan vain todella paljon t\u00e4t\u00e4&nbsp; johdonmukaisen turvallisuuden tilaa. <\/p><cite>-Mies, 50v.<\/cite><\/blockquote>\n\n\n\n<p>Olen aikuinen mieshahmo, joka on tietoinen tunteistaan ja kehostaan, ja harjoittaa sitoutuneesti tietoista l\u00e4sn\u00e4oloa. Monelle pelk\u00e4st\u00e4\u00e4n sen kohtaaminen, ett\u00e4 aikuisen miehen kanssa voi kohdata tunteita voi olla iso asia. <\/p>\n\n\n\n<p>Saatat etsii reitti\u00e4 p\u00e4\u00e4st\u00e4 kosketukseen syvemm\u00e4n minuutesi kanssa, ja t\u00e4ss\u00e4 joku joka on jo kokenut niit\u00e4 r\u00e4meikk\u00f6j\u00e4 joihin olet tutustumassa, voi olla kullanarvoinen matkaopas.<\/p>\n\n\n\n<p>Tarvittaessa voin tukea sua monenlaisissa asioissa. <\/p>\n\n\n\n<ul class=\"wp-block-list\"><li>Yksi haluaa l\u00f6yt\u00e4\u00e4 kosketuksen siihen el\u00e4m\u00e4nvoimaan, jonka kokee kadottaneensa.<\/li><li>Toinen haluaa p\u00e4\u00e4st\u00e4 kosketuksiin oman luovuutensa,  uteliaisuutensa kanssa.<\/li><li>Kolmas kaipaa tilaa surulle, nelj\u00e4s siihen ett\u00e4 oppii ilmaisemaan rajoja tai vihaa. Viides, ett\u00e4 l\u00f6yt\u00e4\u00e4 itsest\u00e4\u00e4n tuen ja tilan itselleen, jota on t\u00e4h\u00e4n asti etsinyt ulkopuolelta.<\/li><\/ul>\n\n\n\n<p>Kirjo on laaja. V\u00e4hitellen ty\u00f6skentelyn edetess\u00e4 voi l\u00f6yty\u00e4 oma todellinen voima tuottaa paikalle se, mit\u00e4 kaipaat el\u00e4m\u00e4\u00e4si.<\/p>\n\n\n\n<p><\/p>\n\n\n\n<p><\/p>\n\n\n\n<p><\/p>\n","protected":false},"excerpt":{"rendered":"<p>Arvot Aikuisten, vastuunsa kantavien ihmisten my\u00f6t\u00e4tuntoinen, syd\u00e4mest\u00e4 tapahtuva toimiminen. Ihmisyyden n\u00e4keminen integroituneemmin, ei pelkk\u00e4n\u00e4 puhuvana p\u00e4\u00e4n\u00e4 johon on liitetty irrallinen keho ja \u00e4lypuhelin. Yhteiskunnassa n\u00e4kyy kirkkaana se, ett\u00e4 tarvitsemme lis\u00e4\u00e4 ihmisi\u00e4 jotka eiv\u00e4t reagoi sokeasti, vaan omistavat oman tilansa. Kykenev\u00e4t olemaan kosketuksissa omaan kehoonsa ja omiin tunteisiinsa, ja toimimaan aikuisina maailmassa jotka kykenev\u00e4t autenttiseen vuorovaikutukseen. [&hellip;]<\/p>\n","protected":false},"author":1,"featured_media":0,"parent":0,"menu_order":0,"comment_status":"closed","ping_status":"closed","template":"","meta":{"hide_page_title":"","footnotes":""},"class_list":["post-329","page","type-page","status-publish","hentry"],"jetpack_sharing_enabled":true,"_links":{"self":[{"href":"https:\/\/ollisavolainen.fi\/valmennus\/wp-json\/wp\/v2\/pages\/329","targetHints":{"allow":["GET"]}}],"collection":[{"href":"https:\/\/ollisavolainen.fi\/valmennus\/wp-json\/wp\/v2\/pages"}],"about":[{"href":"https:\/\/ollisavolainen.fi\/valmennus\/wp-json\/wp\/v2\/types\/page"}],"author":[{"embeddable":true,"href":"https:\/\/ollisavolainen.fi\/valmennus\/wp-json\/wp\/v2\/users\/1"}],"replies":[{"embeddable":true,"href":"https:\/\/ollisavolainen.fi\/valmennus\/wp-json\/wp\/v2\/comments?post=329"}],"version-history":[{"count":12,"href":"https:\/\/ollisavolainen.fi\/valmennus\/wp-json\/wp\/v2\/pages\/329\/revisions"}],"predecessor-version":[{"id":980,"href":"https:\/\/ollisavolainen.fi\/valmennus\/wp-json\/wp\/v2\/pages\/329\/revisions\/980"}],"wp:attachment":[{"href":"https:\/\/ollisavolainen.fi\/valmennus\/wp-json\/wp\/v2\/media?parent=329"}],"curies":[{"name":"wp","href":"https:\/\/api.w.org\/{rel}","templated":true}]}}