{"id":298,"date":"2021-07-26T11:31:42","date_gmt":"2021-07-26T08:31:42","guid":{"rendered":"https:\/\/ollisavolainen.fi\/wordpress\/?page_id=298"},"modified":"2024-11-23T12:28:27","modified_gmt":"2024-11-23T10:28:27","slug":"mita-tapaamisessa-tapahtuu","status":"publish","type":"page","link":"https:\/\/ollisavolainen.fi\/valmennus\/mita-tapaamisessa-tapahtuu\/","title":{"rendered":"Mit\u00e4 valmennustapaamisessa tapahtuu?"},"content":{"rendered":"\n<figure class=\"wp-block-image alignright size-large is-resized wp-duotone-unset-1\"><img data-recalc-dims=\"1\" loading=\"lazy\" decoding=\"async\" width=\"576\" height=\"1024\" src=\"https:\/\/i0.wp.com\/ollisavolainen.fi\/valmennus\/wp-content\/uploads\/2022\/01\/IMG_2016.jpg?resize=576%2C1024&#038;ssl=1\" alt=\"\" class=\"wp-image-604\" style=\"width:244px;height:auto\" srcset=\"https:\/\/i0.wp.com\/ollisavolainen.fi\/valmennus\/wp-content\/uploads\/2022\/01\/IMG_2016-scaled.jpg?resize=576%2C1024&amp;ssl=1 576w, https:\/\/i0.wp.com\/ollisavolainen.fi\/valmennus\/wp-content\/uploads\/2022\/01\/IMG_2016-scaled.jpg?resize=169%2C300&amp;ssl=1 169w, https:\/\/i0.wp.com\/ollisavolainen.fi\/valmennus\/wp-content\/uploads\/2022\/01\/IMG_2016-scaled.jpg?resize=768%2C1366&amp;ssl=1 768w, https:\/\/i0.wp.com\/ollisavolainen.fi\/valmennus\/wp-content\/uploads\/2022\/01\/IMG_2016-scaled.jpg?resize=864%2C1536&amp;ssl=1 864w, https:\/\/i0.wp.com\/ollisavolainen.fi\/valmennus\/wp-content\/uploads\/2022\/01\/IMG_2016-scaled.jpg?resize=1152%2C2048&amp;ssl=1 1152w, https:\/\/i0.wp.com\/ollisavolainen.fi\/valmennus\/wp-content\/uploads\/2022\/01\/IMG_2016-scaled.jpg?resize=1200%2C2134&amp;ssl=1 1200w, https:\/\/i0.wp.com\/ollisavolainen.fi\/valmennus\/wp-content\/uploads\/2022\/01\/IMG_2016-scaled.jpg?w=1439&amp;ssl=1 1439w, https:\/\/i0.wp.com\/ollisavolainen.fi\/valmennus\/wp-content\/uploads\/2022\/01\/IMG_2016-scaled.jpg?w=1320&amp;ssl=1 1320w\" sizes=\"auto, (max-width: 576px) 100vw, 576px\" \/><\/figure>\n\n\n\n<p><strong>Haluan, ett\u00e4 tapaamiseen tuleminen on mahdollisimman helppoa. Siksi kerron alla mit\u00e4 voit tapaamisilta odottaa.<\/strong><\/p>\n\n\n\n<p>Saatan ensin ohjata pienen heng\u00e4hdystauon tai l\u00e4sn\u00e4oloharjoituksen, jos niin sovitaan.<\/p>\n\n\n\n<p>Kysyn sinulta aihetta, jonka \u00e4\u00e4rell\u00e4 haluat olla tapaamisen aikana. Nime\u00e4m\u00e4si aihe ei rajoita sit\u00e4, mihin tapaamisen aikana voidaan p\u00e4\u00e4ty\u00e4. Se antaa ainakin alkuun suuntaa, jotain johon keskitty\u00e4.<\/p>\n\n\n\n<p>Tapaamisten aikana sinun ei tarvitse huolehtia arjesta, vaan voit keskitty\u00e4 t\u00e4ysipainoisesti omaan kokemusmaailmaasi<\/p>\n\n\n\n<p>Kun tapaaminen l\u00e4hestyy loppua, kerron siit\u00e4. Joskus tapaaminen voi vaikuttaakin syv\u00e4stikin. Tapaamisen lopussa tuen sinua palaamaan arkiolemiseen, esimerkiksi kertaamalla tapaamisessa kohdattuja asioita.<\/p>\n\n\n\n<p>Riippuen teemasta jonka kanssa ty\u00f6skentelet, saatan antaa sinulle reflektioteht\u00e4vi\u00e4 tai kehollisia harjoituksia kotona teht\u00e4v\u00e4ksi.<\/p>\n\n\n\n<p>Ota yhteytt\u00e4 <a href=\"https:\/\/ollisavolainen.fi\/\">etusivun lomakkeella<\/a> ja sovitaan tutustumispuhelu.<\/p>\n\n\n\n<h2 class=\"wp-block-heading\" id=\"lahestymistavasta-enemman\">L\u00e4hestymistavasta enemm\u00e4n<\/h2>\n\n\n\n<figure class=\"wp-block-image alignright size-full is-resized\"><img data-recalc-dims=\"1\" loading=\"lazy\" decoding=\"async\" width=\"660\" height=\"1173\" src=\"https:\/\/i0.wp.com\/ollisavolainen.fi\/valmennus\/wp-content\/uploads\/2022\/01\/img_3332-1.webp?resize=660%2C1173&#038;ssl=1\" alt=\"\" class=\"wp-image-603\" style=\"width:322px;height:auto\"\/><\/figure>\n\n\n\n<p>Inhimillisen kasvun kannalta t\u00e4rkeint\u00e4 on avoimuus ja l\u00e4sn\u00e4olo sille, mit\u00e4 sinussa tapahtuu juuri nyt. Olen sitoutunut tukemaan sit\u00e4, ett\u00e4 voit olla itsesi \u00e4\u00e4rell\u00e4 rauhassa.<\/p>\n\n\n\n<blockquote class=\"wp-block-quote is-layout-flow wp-block-quote-is-layout-flow\">\n<p>&#8221;S\u00e4 olet rauhallinen ja tuntuu turvalliselta olla t\u00e4ss\u00e4 t\u00e4n kaiken kanssa&#8221; -mies (oletettu), n. 30v<\/p>\n<\/blockquote>\n\n\n\n<p>En l\u00e4ht\u00f6kohtaisesti kerro sinulle n\u00e4kemyksi\u00e4ni asioista, joista kerrot, vaan annan tilaa. Perusta tavassani kohdata on se, ett\u00e4 sek\u00e4 vastaukset sinua vaivaaviin kysymyksiin ett\u00e4 resurssit niiden l\u00f6yt\u00e4miseen ovat lopulta sinussa.<\/p>\n\n\n\n<p>Vaikka en erityisesti jaa mielipiteit\u00e4ni, kanssani et silti tapaa kivimuuria, vaan el\u00e4v\u00e4n, aidon, tuntevan ihmisen. Jos jokin vaikkapa koskettaa minua, todenn\u00e4k\u00f6isesti kerron siit\u00e4 sinulle.<\/p>\n\n\n<style>.kt-blocks-testimonials-wrap298_61df57-18 .kt-svg-testimonial-global-icon{font-size:30px;}.kt-blocks-testimonials-wrap298_61df57-18 .kt-testimonial-item-0 .kt-svg-testimonial-icon{font-size:50px;}.kt-blocks-testimonials-wrap298_61df57-18 .kt-testimonial-rating-wrap .kb-svg-icon-wrap{color:#ffd700;font-size:16px;}.kt-blocks-testimonials-wrap298_61df57-18 .kt-blocks-carousel .kt-blocks-testimonial-carousel-item{padding-top:var(--global-kb-spacing-xxs, .5rem);padding-bottom:var(--global-kb-spacing-xxs, .5rem);}.kt-blocks-testimonials-wrap298_61df57-18 .kt-testimonial-grid-wrap{gap:var(--global-kb-gap-md, 2rem);}.kt-blocks-testimonials-wrap298_61df57-18 .kt-blocks-testimonials-inner-wrap .kt-blocks-carousel-init:not(.splide-initialized):not(.tns-slider) .kb-slide-item{display:none;}.kt-blocks-testimonials-wrap298_61df57-18 .kt-blocks-testimonials-inner-wrap .kt-blocks-carousel-init:not(.splide-initialized):not(.tns-slider) .kb-slide-item:nth-child(-n+1){padding-left:mdpx;display:block;float:left;width:calc(100% \/ 1);}.kt-blocks-testimonials-wrap298_61df57-18 .kt-blocks-testimonials-inner-wrap .kt-blocks-carousel-init:not(.splide-initialized):not(.tns-slider){margin-left:-mdpx;}.kt-blocks-testimonials-wrap298_61df57-18 .kt-testimonial-item-wrap{padding-top:20px;padding-right:5px;padding-bottom:20px;padding-left:5px;}.kt-blocks-testimonials-wrap298_61df57-18 .kt-testimonial-item-wrap .kt-testimonial-title{font-size:var(--global-kb-font-size-md, 1.25rem);font-weight:bold;}.kt-blocks-testimonials-wrap298_61df57-18 .kt-testimonial-occupation{font-size:15px;}.kt-blocks-testimonials-wrap298_61df57-18 .kt-testimonial-item-wrap{max-width:500px;}.kt-blocks-testimonials-wrap298_61df57-18 .kt-testimonial-item-wrap{box-shadow:4px 2px 14px 0px rgba(0, 0, 0, 0.2);background:#ffeb75;}.kt-blocks-testimonials-wrap298_61df57-18 .kt-testimonial-media-inner-wrap{width:60px;border-top:0px solid;border-right:0px solid;border-bottom:0px solid;border-left:0px solid;padding-top:0px;padding-right:0px;padding-bottom:0px;padding-left:0px;}.kt-blocks-testimonials-wrap298_61df57-18 .kt-svg-testimonial-icon{justify-content:center;align-items:center;}@media all and (max-width: 1024px){.kt-blocks-testimonials-wrap298_61df57-18 .kt-blocks-testimonials-inner-wrap .kt-blocks-carousel-init:not(.splide-initialized):not(.tns-slider) .kb-slide-item{display:none;}}@media all and (max-width: 1024px){.kt-blocks-testimonials-wrap298_61df57-18 .kt-blocks-testimonials-inner-wrap .kt-blocks-carousel-init:not(.splide-initialized):not(.tns-slider) .kb-slide-item:nth-child(-n+1){padding-left:mdpx;display:block;float:left;width:calc(100% \/ 1);}}@media all and (max-width: 1024px){.kt-blocks-testimonials-wrap298_61df57-18 .kt-blocks-testimonials-inner-wrap .kt-blocks-carousel-init:not(.splide-initialized):not(.tns-slider){margin-left:-mdpx;}}@media all and (max-width: 1024px){.kt-blocks-testimonials-wrap298_61df57-18 .kt-testimonial-media-inner-wrap{border-top:0px solid;border-right:0px solid;border-bottom:0px solid;border-left:0px solid;}}@media all and (max-width: 767px){.kt-blocks-testimonials-wrap298_61df57-18 .kt-blocks-carousel .kt-blocks-testimonial-carousel-item{padding:var(--global-kb-spacing-xxs, .5rem);padding-top:px;padding-bottom:px;margin-top:px;margin-bottom:px;}.kt-blocks-testimonials-wrap298_61df57-18 .kt-blocks-testimonials-inner-wrap .kt-blocks-carousel-init:not(.splide-initialized):not(.tns-slider) .kb-slide-item{display:none;}.kt-blocks-testimonials-wrap298_61df57-18 .kt-blocks-testimonials-inner-wrap .kt-blocks-carousel-init:not(.splide-initialized):not(.tns-slider) .kb-slide-item:nth-child(-n+1){display:block;float:left;width:calc(100% \/ 1);padding-left:mdpx;}.kt-blocks-testimonials-wrap298_61df57-18 .kt-blocks-testimonials-inner-wrap .kt-blocks-carousel-init:not(.splide-initialized):not(.tns-slider){margin-left:-mdpx;}.kt-blocks-testimonials-wrap298_61df57-18 .kt-testimonial-media-inner-wrap{border-top:0px solid;border-right:0px solid;border-bottom:0px solid;border-left:0px solid;}}<\/style><div class=\"kt-blocks-testimonials-wrap298_61df57-18 kt-testimonial-halign-center kt-testimonial-style-basic kt-testimonials-media-on kt-testimonials-icon-off kt-testimonial-columns-1 kt-t-xxl-col-1 kt-t-xl-col-1 kt-t-lg-col-1 kt-t-md-col-1 kt-t-sm-col-1 kt-t-xs-col-1 wp-block-kadence-testimonials\"><div class=\"kt-blocks-testimonials-inner-wrap kt-blocks-carousel kt-carousel-container-dotstyle-dark kt-carousel-container-arrowstyle-whiteondark\"><div class=\"kt-blocks-carousel-init splide kb-gallery-carousel kt-carousel-arrowstyle-whiteondark kt-carousel-dotstyle-dark\" data-columns-xxl=\"1\" data-columns-xl=\"1\" data-columns-md=\"1\" data-columns-sm=\"1\" data-columns-xs=\"1\" data-columns-ss=\"1\" data-slider-anim-speed=\"400\" data-slider-scroll=\"1\" data-slider-type=\"loop\" data-slider-arrows=\"true\" data-slider-dots=\"true\" data-slider-hover-pause=\"false\" data-slider-auto=\"\" data-slider-speed=\"7000\" data-slider-gap=\"var(--global-kb-spacing-md, 2rem)\" data-slider-gap-tablet=\"var(--global-kb-spacing-md, 2rem)\" data-slider-gap-mobile=\"var(--global-kb-spacing-md, 2rem)\" data-show-pause-button=\"false\"><div class=\"splide__track\"><ul class=\"splide__list\">\n<li class=\"kt-blocks-testimonial-carousel-item kb-slide-item splide__slide\"><div class=\"kt-testimonial-item-wrap kt-testimonial-item-298_0d5c9f-c9 wp-block-kadence-testimonial\"><div class=\"kt-testimonial-text-wrap\"><div class=\"kt-testimonial-title-wrap\"><h2 class=\"kt-testimonial-title\">&#8221;Osasit tukea juuri oikeassa asiassa&#8221;<\/h2><\/div><div class=\"kt-testimonial-content-wrap\"><blockquote class=\"kt-testimonial-content\">Pysyit selkeydess\u00e4si ja luotit siihen, ett\u00e4 minun olemukseni tiet\u00e4\u00e4, mihin t\u00e4m\u00e4 menee. Olen saanut sinun kanssasi kokea, mit\u00e4 on tulla kannatelluksi, n\u00e4hdyksi ja koetuksi toisen ihmisen kanssa. Selv\u00e4sti olet hyv\u00e4 siin\u00e4 itsesi kanssa, ja olet siten saanut harjoitusta. (1\/3, jatkuu&#8230; ) <\/blockquote><\/div><\/div><div class=\"kt-testimonial-meta-wrap\"><div class=\"kt-testimonial-meta-name-wrap\"><div class=\"kt-testimonial-name-wrap\"><div class=\"kt-testimonial-name\">Pekka<\/div><\/div><div class=\"kt-testimonial-occupation-wrap\"><div class=\"kt-testimonial-occupation\">Liikkeenjohdon valmentaja, psykologi<\/div><\/div><\/div><\/div><\/div><\/li>\n\n<li class=\"kt-blocks-testimonial-carousel-item kb-slide-item splide__slide\"><div class=\"kt-testimonial-item-wrap kt-testimonial-item-298_7bce12-ad wp-block-kadence-testimonial\"><div class=\"kt-testimonial-text-wrap\"><div class=\"kt-testimonial-title-wrap\"><h2 class=\"kt-testimonial-title\">&#8221;Oli todella arvokasta se kohta, jossa sanoit, ett\u00e4 kaikki on tervetullutta, kaikelle t\u00e4lle on tilaa. &#8221;<\/h2><\/div><div class=\"kt-testimonial-content-wrap\"><blockquote class=\"kt-testimonial-content\">Kukaan ei ole koskaan ennen sanonut sit\u00e4 minulle. L\u00f6ysin itsest\u00e4ni uuden osan, joka oli tinkim\u00e4t\u00f6n hyv\u00e4ll\u00e4 tavalla. Se osa minussa tarvitsee sit\u00e4, mutta ei osaa ottaa sit\u00e4 vastaan, ja oli t\u00e4rke\u00e4\u00e4 harjoitella sit\u00e4. (2\/3)<\/blockquote><\/div><\/div><div class=\"kt-testimonial-meta-wrap\"><div class=\"kt-testimonial-meta-name-wrap\"><div class=\"kt-testimonial-name-wrap\"><div class=\"kt-testimonial-name\">Pekka<\/div><\/div><div class=\"kt-testimonial-occupation-wrap\"><div class=\"kt-testimonial-occupation\">Liikkeenjohdon valmentaja, psykologi<\/div><\/div><\/div><\/div><\/div><\/li>\n\n<li class=\"kt-blocks-testimonial-carousel-item kb-slide-item splide__slide\"><div class=\"kt-testimonial-item-wrap kt-testimonial-item-298_8fe33f-d2 wp-block-kadence-testimonial\"><div class=\"kt-testimonial-text-wrap\"><div class=\"kt-testimonial-title-wrap\"><h2 class=\"kt-testimonial-title\">&#8221;Olin vaikuttunut sinun kyvyst\u00e4si p\u00e4\u00e4st\u00e4\u00e4 irti. &#8221;<\/h2><\/div><div class=\"kt-testimonial-content-wrap\"><blockquote class=\"kt-testimonial-content\">Kuvittelen, ett\u00e4 on haastavaa, kun valmentajan roolina ei olekaan tehd\u00e4 aktiivisesti mit\u00e4\u00e4n. Ei tuoda n\u00e4k\u00f6kulmia, vaikka sekin on arvokasta. Annoit tilaa sille, mik\u00e4 oli t\u00e4rke\u00e4\u00e4 minulle, eli rajojen asettamiselle. Kykenit antamaan tilaa, olemaan l\u00e4sn\u00e4 ja kannattelemaan. (3\/3)<\/blockquote><\/div><\/div><div class=\"kt-testimonial-meta-wrap\"><div class=\"kt-testimonial-meta-name-wrap\"><div class=\"kt-testimonial-name-wrap\"><div class=\"kt-testimonial-name\">Pekka<\/div><\/div><div class=\"kt-testimonial-occupation-wrap\"><div class=\"kt-testimonial-occupation\">Liikkeenjohdon valmentaja, psykologi<\/div><\/div><\/div><\/div><\/div><\/li>\n<\/ul><\/div><\/div><\/div><\/div>\n\n\n<p>Uudestaan ja uudestaan saan palautetta siit\u00e4, ett\u00e4 t\u00e4llainen peilaaminen auttaa toista huomaamaan itsekin paremmin omat tunteensa, ja sallimaan ne pintaan. Kun saamme el\u00e4\u00e4 tunteitamme vapaasti l\u00e4pi, se mahdollistaa usein el\u00e4m\u00e4n virtaamisen meiss\u00e4. Uusien kokemusten ja innostuksen sallimisen paikalle.<\/p>\n\n\n\n<p>Minulla on toki paljon taitoja ja my\u00f6s tieteeseen perustuvaa taustaymm\u00e4rryst\u00e4 my\u00f6s siihen, miten tavoitteita voi saavuttaa. <\/p>\n\n\n\n<p>Jotkut ty\u00f6kaluista, joita tarjoan, ovat k\u00e4ytt\u00f6kelpoisia siihen ett\u00e4 sovitaan yhdess\u00e4 harjoituksista joita voit tehd\u00e4 kotona tapaamisten v\u00e4lill\u00e4. Tarpeen mukaan on my\u00f6s mahdollista ett\u00e4 <a href=\"https:\/\/ollisavolainen.fi\/tyonohjaus\/\">p\u00e4\u00e4dyt\u00e4\u00e4n ty\u00f6nohjaukseen tai muuten ratkaisukeskeisemp\u00e4\u00e4n ty\u00f6skentelytapaan<\/a>.<\/p>\n\n\n\n<p>Silti valmenuksen l\u00e4ht\u00f6kohta on, ett\u00e4 en ota kantaa &#8211; saat katsoa el\u00e4m\u00e4\u00e4si rauhassa. Parhaat tuloksetkin nousevat lopulta aina l\u00e4sn\u00e4olosta ja oman selke\u00e4n tahdon l\u00f6yt\u00e4misest\u00e4 k\u00e4sin.<\/p>\n\n\n\n<p><\/p>\n","protected":false},"excerpt":{"rendered":"<p>Haluan, ett\u00e4 tapaamiseen tuleminen on mahdollisimman helppoa. Siksi kerron alla mit\u00e4 voit tapaamisilta odottaa. Saatan ensin ohjata pienen heng\u00e4hdystauon tai l\u00e4sn\u00e4oloharjoituksen, jos niin sovitaan. Kysyn sinulta aihetta, jonka \u00e4\u00e4rell\u00e4 haluat olla tapaamisen aikana. Nime\u00e4m\u00e4si aihe ei rajoita sit\u00e4, mihin tapaamisen aikana voidaan p\u00e4\u00e4ty\u00e4. Se antaa ainakin alkuun suuntaa, jotain johon keskitty\u00e4. Tapaamisten aikana sinun ei [&hellip;]<\/p>\n","protected":false},"author":1,"featured_media":3572,"parent":0,"menu_order":0,"comment_status":"closed","ping_status":"closed","template":"","meta":{"hide_page_title":"","footnotes":""},"class_list":["post-298","page","type-page","status-publish","has-post-thumbnail","hentry"],"jetpack_sharing_enabled":true,"_links":{"self":[{"href":"https:\/\/ollisavolainen.fi\/valmennus\/wp-json\/wp\/v2\/pages\/298","targetHints":{"allow":["GET"]}}],"collection":[{"href":"https:\/\/ollisavolainen.fi\/valmennus\/wp-json\/wp\/v2\/pages"}],"about":[{"href":"https:\/\/ollisavolainen.fi\/valmennus\/wp-json\/wp\/v2\/types\/page"}],"author":[{"embeddable":true,"href":"https:\/\/ollisavolainen.fi\/valmennus\/wp-json\/wp\/v2\/users\/1"}],"replies":[{"embeddable":true,"href":"https:\/\/ollisavolainen.fi\/valmennus\/wp-json\/wp\/v2\/comments?post=298"}],"version-history":[{"count":61,"href":"https:\/\/ollisavolainen.fi\/valmennus\/wp-json\/wp\/v2\/pages\/298\/revisions"}],"predecessor-version":[{"id":3573,"href":"https:\/\/ollisavolainen.fi\/valmennus\/wp-json\/wp\/v2\/pages\/298\/revisions\/3573"}],"wp:featuredmedia":[{"embeddable":true,"href":"https:\/\/ollisavolainen.fi\/valmennus\/wp-json\/wp\/v2\/media\/3572"}],"wp:attachment":[{"href":"https:\/\/ollisavolainen.fi\/valmennus\/wp-json\/wp\/v2\/media?parent=298"}],"curies":[{"name":"wp","href":"https:\/\/api.w.org\/{rel}","templated":true}]}}