{"id":2,"date":"2021-07-13T15:08:48","date_gmt":"2021-07-13T13:08:48","guid":{"rendered":"https:\/\/ollisavolainen.fi\/wordpress\/?page_id=2"},"modified":"2026-01-24T17:08:15","modified_gmt":"2026-01-24T15:08:15","slug":"olli","status":"publish","type":"page","link":"https:\/\/ollisavolainen.fi\/valmennus\/olli\/","title":{"rendered":"Turvallinen ja selke\u00e4 opas moderniin itsetuntemusty\u00f6h\u00f6n"},"content":{"rendered":"\n<p><em>Olli Savolainen<\/em><\/p>\n\n\n\n<blockquote class=\"wp-block-quote is-layout-flow wp-block-quote-is-layout-flow\">\n<p>Katso my\u00f6s: <a href=\"https:\/\/valontaju.fi\/mita-tapaamisessa-tapahtuu\/\">Mit\u00e4 tapaamisessa tapahtuu?<\/a><\/p>\n<\/blockquote>\n\n\n\n<figure class=\"wp-block-image alignright size-medium is-style-rounded\"><img data-recalc-dims=\"1\" loading=\"lazy\" decoding=\"async\" width=\"225\" height=\"300\" src=\"https:\/\/i0.wp.com\/ollisavolainen.fi\/valmennus\/wp-content\/uploads\/2024\/09\/IMG_2075.jpeg?resize=225%2C300&#038;ssl=1\" alt=\"\" class=\"wp-image-3120\" srcset=\"https:\/\/i0.wp.com\/ollisavolainen.fi\/valmennus\/wp-content\/uploads\/2024\/09\/IMG_2075-scaled.jpeg?resize=225%2C300&amp;ssl=1 225w, https:\/\/i0.wp.com\/ollisavolainen.fi\/valmennus\/wp-content\/uploads\/2024\/09\/IMG_2075-scaled.jpeg?resize=768%2C1024&amp;ssl=1 768w, https:\/\/i0.wp.com\/ollisavolainen.fi\/valmennus\/wp-content\/uploads\/2024\/09\/IMG_2075-scaled.jpeg?resize=1152%2C1536&amp;ssl=1 1152w, https:\/\/i0.wp.com\/ollisavolainen.fi\/valmennus\/wp-content\/uploads\/2024\/09\/IMG_2075-scaled.jpeg?resize=1536%2C2048&amp;ssl=1 1536w, https:\/\/i0.wp.com\/ollisavolainen.fi\/valmennus\/wp-content\/uploads\/2024\/09\/IMG_2075-scaled.jpeg?w=1920&amp;ssl=1 1920w, https:\/\/i0.wp.com\/ollisavolainen.fi\/valmennus\/wp-content\/uploads\/2024\/09\/IMG_2075-scaled.jpeg?w=1320&amp;ssl=1 1320w\" sizes=\"auto, (max-width: 225px) 100vw, 225px\" \/><\/figure>\n\n\n\n<p>Keskeisin lahjani on olla paikalla toiselle hyvin my\u00f6t\u00e4tuntoisesti ja tilaa antavasti, el\u00e4v\u00e4sti ja kehollisesti, rohkaisten my\u00f6s sua her\u00e4\u00e4m\u00e4\u00e4n eloon kehossasi, tuntemaan, kuulemaan el\u00e4vyytt\u00e4 sun kehossa.<\/p>\n\n\n\n<p><\/p>\n\n\n\n<p>Mik\u00e4 k\u00e4yt\u00e4nn\u00f6ss\u00e4 vie eteenp\u00e4in el\u00e4m\u00e4ss\u00e4, ja on innostavaa? Kaksi t\u00e4rkeint\u00e4 ty\u00f6kalua t\u00e4h\u00e4n ovat tunnel\u00e4sn\u00e4olo ja kehotietoisuus. <strong>Kapasiteettia n\u00e4iden kanssa olemiseen on mahdollista kasvattaa.<\/strong><\/p>\n\n\n\n<p>Minun kanssani on monen helppo luottaa siihen, ett\u00e4 saa olla ihan sit\u00e4 mit\u00e4 oikeasti on.<\/p>\n\n\n\n<p><\/p>\n\n\n\n<p>Isompana taustavaikuttimena minulla t\u00e4t\u00e4 ty\u00f6t\u00e4 tehdess\u00e4 on mahdollistaa yhteyden syntyminen. Yhteyden syveneminen toisiin edellytt\u00e4\u00e4 aina sit\u00e4, ett\u00e4 olemme ensin kosketuksissa omaan kokemukseemme. Tarjoamani retriitit ja valmennukset tukevat t\u00e4t\u00e4 yhteytt\u00e4 itseen.<\/p>\n\n\n\n<blockquote class=\"wp-block-quote is-layout-flow wp-block-quote-is-layout-flow\">\n<p>Sun kanssa on turvallisin yhteys mit\u00e4 oon kenenk\u00e4\u00e4n kanssa koskaan kokenut. Ett\u00e4 minusta voi nousta mit\u00e4 vaan, ja kaikki on koko ajan hyvin. Ja se on kyll\u00e4 tosi hienoa ett\u00e4 siihen pystyy luottamaan.<\/p>\n\n\n\n<p>Ei tarvitse etuk\u00e4teen huolehtia, vaan sen mit\u00e4 siin\u00e4 on, voi vaan el\u00e4\u00e4 l\u00e4pi. Sain asian purettua etk\u00e4 s\u00e4 ollut siit\u00e4 moksiskaan.<\/p>\n<cite>-Nainen, 37v.<\/cite><\/blockquote>\n\n\n\n<p>Valmentajana erityinen lahjani on tukea ja peilata vapauden, voiman, ilon ja luovuuden n\u00e4kyv\u00e4ksi tulemista varsinkin herkiksi itsens\u00e4 kokevien ihmisten kanssa.<\/p>\n\n\n\n<p>Matkallani ihmisyyteen, my\u00f6s ty\u00f6ss\u00e4 ja koulutusten parissa olen l\u00f6yt\u00e4nyt enemm\u00e4n ja enemm\u00e4n ihmisen kehon ja kokemuksen syvempi\u00e4 puolia. Olen avautunut enemm\u00e4n ja enemm\u00e4n arvostamaan ihan tavallista el\u00e4m\u00e4\u00e4 kaikessa rikkaudessaan ja rajuudessaan. <strong>Kuten kuka tahansa, voin opastaa sinua sinne asti, niihin laaksoihin ja niille vuorille, joille itse olen kulkenut.<\/strong><\/p>\n\n\n\n<blockquote class=\"wp-block-quote is-layout-flow wp-block-quote-is-layout-flow\">\n<p>Sun seura ja l\u00e4sn\u00e4olo kutsuu syd\u00e4meen ja se tuntuu t\u00e4rke\u00e4lt\u00e4 ja arvokkaalta, kauniilta ja viattomalta. Todella havahduin \u00e4sk\u00f6n siihen ett\u00e4 s\u00e4 olet oikeasti sellainen ihminen et kenen kanssa m\u00e4 pystyn oikeasti olemaan avoin ja herkk\u00e4n\u00e4. Kapasiteetti vaan antaa olemalla, viattomuus. <\/p>\n<cite>-Nainen, 26v.<\/cite><\/blockquote>\n\n\n\n<p>Olen matkani aikana saanut n\u00e4hd\u00e4 my\u00f6s ihmisyyden pime\u00e4\u00e4 puolta runsaasti, ja tehnyt ty\u00f6t\u00e4 omien varjojeni kanssa. Siksi kykenen kuulemaan my\u00f6s toisen ihmisen kipua ja haasteita herk\u00e4sti, ja antamaan niille sallivaa tilaa.<\/p>\n\n\n\n<p>Yleisin palaute mit\u00e4 ohjauksesta saan on kokemus turvallisuudesta tutkia vapaasti mit\u00e4 tahansa ihmisyyden puolia seurassani.<\/p>\n\n\n\n<p><a href=\"https:\/\/ollisavolainen.fi\/mita-tapaamisessa-tapahtuu\/\">Mit\u00e4 tapaamisessa tapahtuu?<\/a><\/p>\n\n\n\n<blockquote class=\"wp-block-quote is-layout-flow wp-block-quote-is-layout-flow\">\n<p>Kommunikoit jostain autenttisesta paikasta ja kuitenkin haavoittuvaisesta paikasta selke\u00e4sti ja jotenkin totuudellisesti. <\/p>\n<cite>-Nainen, 37v.<\/cite><\/blockquote>\n\n\n\n<blockquote class=\"wp-block-quote is-layout-flow wp-block-quote-is-layout-flow\">\n<p>Se mit\u00e4 haluan on enemm\u00e4n joustavuutta ja helppoutta, jota t\u00e4llainen kohtaaminen tuo. Ja haluan lis\u00e4\u00e4 <strong><em>t\u00e4t\u00e4<\/em><\/strong>. Samalla pelk\u00e4\u00e4n my\u00f6s kutsua lis\u00e4\u00e4 t\u00e4t\u00e4 ja antaa oikeasti tilaa sen lis\u00e4\u00e4ntymiselle. Koen sen silti todella rauhoittavaksi. Se todella auttaa minua ihan vaan&#8230; se todella auttaa saamaan kehoni rennoksi. <\/p>\n<cite>-Mies, 50v.<\/cite><\/blockquote>\n\n\n\n<blockquote class=\"wp-block-quote is-layout-flow wp-block-quote-is-layout-flow\">\n<p>T\u00e4ss\u00e4 on Avoimuutta. T\u00e4ss\u00e4 on tilaa katsoa joka hetke\u00e4 uutena. Ettei se oo vaan et se oli noin ja nyt se on niin. Oon tarvinnu sit\u00e4. <\/p>\n<cite>Nainen, 36v<\/cite><\/blockquote>\n\n\n\n<h2 class=\"wp-block-heading\" id=\"tyo-ja-vapaaehtoiskokemus\">Ty\u00f6- ja vapaaehtoiskokemus<\/h2>\n\n\n\n<p>Minulla on noin kahdenkymmenen vuoden oppimatka ihmismielen toiminnan tutkimisesta eri n\u00e4k\u00f6kulmista.<\/p>\n\n\n\n<p>Olen toiminut monenlaisissa paikoissa el\u00e4m\u00e4ni aikana.  Olen tutkinut ihmisyytt\u00e4 sek\u00e4 yliopiston puolella kognitiivisen psykologian ja sosiaalipsykologian opinnoissa, ett\u00e4 ns. henkisen kasvun puolella. Valmennustoimintani viitekehys on l\u00e4hemp\u00e4n\u00e4 humanistisen psykologian ajattelumaailmaa.  <\/p>\n\n\n\n<p>Olen my\u00f6s toiminut yritt\u00e4j\u00e4n\u00e4 ja johtanut kuluttajatuotteiden kaupallista kehitysty\u00f6t\u00e4. Olen opettanut ammattikorkeakoulussa ja vet\u00e4nyt koulutusjaksojen lis\u00e4ksi erilaisia itsetuntemuspiirej\u00e4, ja ohjannut ihmisi\u00e4 ty\u00f6el\u00e4m\u00e4ss\u00e4. Saanut tuntea sek\u00e4 sit\u00e4, mit\u00e4 on voima, ett\u00e4 sit\u00e4, mit\u00e4 on valtava herkkyys. <\/p>\n\n\n\n<p>Nuoriso-\/koulunk\u00e4ynnin ohjaaja 2025-<\/p>\n\n\n\n<p>L\u00e4sn\u00e4olevan kasvun ohjaaja, 2020-<\/p>\n\n\n\n<p>Miestenpiirin vet\u00e4j\u00e4, 2019-2020 (vapaaehtoinen)<\/p>\n\n\n\n<p>Palvelukonsultti, 2018-2019<\/p>\n\n\n\n<p>Design-bloggari, parhaimmillaan 100 000 lukijaa, 2016<\/p>\n\n\n\n<p>Opettaja, Metropolia, 2013-2016<\/p>\n\n\n\n<p>Yritt\u00e4j\u00e4, kansainv\u00e4lisesti menestynyt s\u00e4hk\u00f6inen tuote B2B 2011-2018, maailmanlaajuisesti menestynyt kuluttajatuote 2019-<\/p>\n\n\n\n<p>Luennot, 2010-2012, Tampereen yliopisto<\/p>\n\n\n\n<p>Tuotesuunnittelija, maailmanlaajuisesti miljoonien k\u00e4ytt\u00e4m\u00e4 s\u00e4hk\u00f6inen tuote, 2008-2011<\/p>\n\n\n\n<p>Palvelusuunnittelija, Suomessa laajasti korkeakouluissa menestynyt s\u00e4hk\u00f6inen palvelu, Tampereen yliopisto, 2007<\/p>\n\n\n\n<p>Palveleva puhelin, Setlementti Naapuri, 2007 (vapaaehtoinen)<\/p>\n\n\n\n<p>Tukitoimintaryhm\u00e4n vet\u00e4j\u00e4, 2004-2005 <\/p>\n\n\n\n<p>Henkisen piirin vet\u00e4j\u00e4, 2003 (vapaaehtoinen)<\/p>\n\n\n\n<p>S\u00e4hk\u00f6miehen apulainen, 1999<\/p>\n\n\n\n<h2 class=\"wp-block-heading\" id=\"koulutukset\">Koulutukset<\/h2>\n\n\n\n<p>Alexander-tekniikka -oppilas, Tampereen Alexander-tekniikka, syksy 2025-<\/p>\n\n\n\n<p>Nuoriso- ja yhteis\u00f6ohjaaja, 2024-2025<\/p>\n\n\n\n<p>KASVUN Ammattilainen -valmennuskoulutus, 2021-2022; <br><em>mm. keholliset terapeuttiset hengitysharjoitukset, gestalt -tuoliharjoitukset, peilaus, resursointi valmennustilanteessa, valmennusetiikka, varjoty\u00f6, ty\u00f6 persoonan eri osien kanssa, humanistinen psykologia, objektisuhteet, kehitysteoriat ja sis\u00e4isten resurssien tunnistaminen ja tukeminen, itsen toteutumisen valmentaminen, valmennusty\u00f6n etiikka<\/em><\/p>\n\n\n\n<p>Inhimillinen tie -kasvuohjelma, 2016-2018, ja KASVU retriitit l\u00e4sn\u00e4olon syvent\u00e4miseksi ja yll\u00e4pit\u00e4miseksi 2019-2021<\/p>\n\n\n\n<p>Kokonaisvaltaisesti l\u00e4sn\u00e4oleva liikkuminen: Joogaopettajaopiskelija, Kehto Koulu, 2020-<\/p>\n\n\n\n<p>The ART of being human, level 1 (authentic relating\/circling\/antautunut johtajuus), 2020<\/p>\n\n\n\n<p>Suufilainen itsetuntemusty\u00f6skentely Naqshbandi-linjan opettajan ohjauksessa, 2019-2022<\/p>\n\n\n\n<p>Oppimisen ohjaaja (ns. &#8221;Opettajan p\u00e4tevyys&#8221;), AOKK\/JAMK, 2019; <em>mm. ilmi\u00f6pohjainen oppiminen, konstruktivistisen oppimisen prosessi eli ymm\u00e4rrys, toiminta, reflektio<\/em><\/p>\n\n\n\n<p>Ihmisen vahvuuksien tukeminen \/ Positiivinen psykologia 5 op, Lapin yliopisto, 2018<\/p>\n\n\n\n<p>Palveleva puhelin -koulutus, Setlementti Naapuri<\/p>\n\n\n\n<p>Psykologian aineopintoja, sek\u00e4 mm. sosiaality\u00f6n (1v), kasvatustieteen, sosiaalipsykologian ja filosofian opintoja (Ihmiskeskeinen suunnittelu \/ HCI, Tampereen yliopisto, FM)<\/p>\n\n\n\n<p>Henkisen tukemisen koulutus, KRS<\/p>\n","protected":false},"excerpt":{"rendered":"<p>Olli Savolainen Katso my\u00f6s: Mit\u00e4 tapaamisessa tapahtuu? Keskeisin lahjani on olla paikalla toiselle hyvin my\u00f6t\u00e4tuntoisesti ja tilaa antavasti, el\u00e4v\u00e4sti ja kehollisesti, rohkaisten my\u00f6s sua her\u00e4\u00e4m\u00e4\u00e4n eloon kehossasi, tuntemaan, kuulemaan el\u00e4vyytt\u00e4 sun kehossa. Mik\u00e4 k\u00e4yt\u00e4nn\u00f6ss\u00e4 vie eteenp\u00e4in el\u00e4m\u00e4ss\u00e4, ja on innostavaa? Kaksi t\u00e4rkeint\u00e4 ty\u00f6kalua t\u00e4h\u00e4n ovat tunnel\u00e4sn\u00e4olo ja kehotietoisuus. Kapasiteettia n\u00e4iden kanssa olemiseen on mahdollista kasvattaa. [&hellip;]<\/p>\n","protected":false},"author":1,"featured_media":3574,"parent":0,"menu_order":0,"comment_status":"closed","ping_status":"open","template":"","meta":{"hide_page_title":"","footnotes":""},"class_list":["post-2","page","type-page","status-publish","has-post-thumbnail","hentry"],"jetpack_sharing_enabled":true,"_links":{"self":[{"href":"https:\/\/ollisavolainen.fi\/valmennus\/wp-json\/wp\/v2\/pages\/2","targetHints":{"allow":["GET"]}}],"collection":[{"href":"https:\/\/ollisavolainen.fi\/valmennus\/wp-json\/wp\/v2\/pages"}],"about":[{"href":"https:\/\/ollisavolainen.fi\/valmennus\/wp-json\/wp\/v2\/types\/page"}],"author":[{"embeddable":true,"href":"https:\/\/ollisavolainen.fi\/valmennus\/wp-json\/wp\/v2\/users\/1"}],"replies":[{"embeddable":true,"href":"https:\/\/ollisavolainen.fi\/valmennus\/wp-json\/wp\/v2\/comments?post=2"}],"version-history":[{"count":111,"href":"https:\/\/ollisavolainen.fi\/valmennus\/wp-json\/wp\/v2\/pages\/2\/revisions"}],"predecessor-version":[{"id":4758,"href":"https:\/\/ollisavolainen.fi\/valmennus\/wp-json\/wp\/v2\/pages\/2\/revisions\/4758"}],"wp:featuredmedia":[{"embeddable":true,"href":"https:\/\/ollisavolainen.fi\/valmennus\/wp-json\/wp\/v2\/media\/3574"}],"wp:attachment":[{"href":"https:\/\/ollisavolainen.fi\/valmennus\/wp-json\/wp\/v2\/media?parent=2"}],"curies":[{"name":"wp","href":"https:\/\/api.w.org\/{rel}","templated":true}]}}