{"id":150,"date":"2021-07-16T11:47:55","date_gmt":"2021-07-16T08:47:55","guid":{"rendered":"https:\/\/ollisavolainen.fi\/?page_id=150"},"modified":"2025-05-30T18:46:28","modified_gmt":"2025-05-30T15:46:28","slug":"ota-yhteytta","status":"publish","type":"page","link":"https:\/\/ollisavolainen.fi\/valmennus\/ota-yhteytta\/","title":{"rendered":"Ota yhteytt\u00e4"},"content":{"rendered":"\n<p><\/p>\n\n\n\n<p><strong>Tutustumistapaaminen<\/strong><br>Tarjoan 20 min mittaisen maksuttoman kartoituskeskustelun puhelimitse. Puhelun aikana voimme pohtia yhdess\u00e4 sit\u00e4, mit\u00e4 tarvitset, onko minusta sinulle apua, ja tunnustella, tullaanko juttuun.<\/p>\n\n\n\n<p>Voit varata ilmaisen tutustumistapaamisen suoraan varauskalenterista:<\/p>\n\n\n\n<div style=\"color:#0369a1;background-color:#e0f2fe\" class=\"wp-block-roelmagdaleno-callout-block aligncenter has-text-color has-background is-layout-flex wp-container-roelmagdaleno-callout-block-is-layout-8cf370e7 wp-block-roelmagdaleno-callout-block-is-layout-flex\"><div><a id=\"calendly-popup-text-widget\" data-url=\"https:\/\/calendly.com\/ollisavolainen\/20min?hide_gdpr_banner=1\" data-redirection=\"\" class=\"\" href=\"#\" onclick=\"Calendly.initPopupWidget({url:'https:\/\/calendly.com\/ollisavolainen\/20min?hide_gdpr_banner=1'});return false;\"\n                    style=\"font-size:18px; color:#2694ea\">Varaa ilmainen tutustumistapaaminen<\/a>\n<\/div><\/div>\n\n\n\n<p><a href=\"\/\">Valmennuksesta lis\u00e4\u00e4<\/a><\/p>\n\n\n\n<p><\/p>\n\n\n\n<p><strong>Voit ottaa yhteytt\u00e4 sinisest\u00e4 puhekuplapallosta oikeassa alakulmassa (suomeksi) tai allaolevalla lomakkeella miss\u00e4 tahansa asiassa.<\/strong><\/p>\n\n\n<div class=\"lightweight-accordion\"><details><summary class=\"lightweight-accordion-title\"><span><strong>Hinnat<\/strong><\/span><\/summary><div class=\"lightweight-accordion-body\">\n\n<ul class=\"wp-block-list\">\n<li>60min: 105\u20ac<\/li>\n\n\n\n<li>90min: 135\u20ac<\/li>\n<\/ul>\n\n\n\n<p><\/p>\n\n\n\n<p><em>Sarjakortit 60 min:<\/em><\/p>\n\n\n\n<ul class=\"wp-block-list\">\n<li>3 tapaamista: 270 \u20ac <small>(90 \u20ac \/ krt)<\/small><\/li>\n\n\n\n<li>5 tapaamista: 435 \u20ac <small>(87 \u20ac \/ krt)<\/small><\/li>\n\n\n\n<li>10 tapaamista: 850 \u20ac <small>(85 \u20ac \/ krt)<\/small><\/li>\n<\/ul>\n\n<\/div><\/details><\/div>\n\n\n<iframe loading=\"lazy\" title=\"Contact Form\" src=\"https:\/\/plugins.crisp.chat\/urn:crisp.im:contact-form:0\/contact\/a63659b9-eede-4931-aef6-4ddc2472b6bb\" referrerpolicy=\"origin\" sandbox=\"allow-forms allow-popups allow-scripts allow-same-origin\" width=\"100%\" height=\"700px\" id=\"crisp-contact-form-iframe\" frameborder=\"0\"><\/iframe>\n\n\n\n<p><\/p>\n\n\n\n<p><span style=\"caret-color: #000000; color: #000000; font-family: NonBreakingSpaceOverride,;\">&nbsp;<\/span><\/p>\n\n\n\n<p><\/p>\n","protected":false},"excerpt":{"rendered":"<p>Valmennuksesta lis\u00e4\u00e4 Voit ottaa yhteytt\u00e4 sinisest\u00e4 puhekuplapallosta oikeassa alakulmassa (suomeksi) tai allaolevalla lomakkeella miss\u00e4 tahansa asiassa. &nbsp;<\/p>\n","protected":false},"author":1,"featured_media":3516,"parent":0,"menu_order":0,"comment_status":"closed","ping_status":"closed","template":"","meta":{"hide_page_title":"","footnotes":""},"class_list":["post-150","page","type-page","status-publish","has-post-thumbnail","hentry"],"jetpack_sharing_enabled":true,"_links":{"self":[{"href":"https:\/\/ollisavolainen.fi\/valmennus\/wp-json\/wp\/v2\/pages\/150","targetHints":{"allow":["GET"]}}],"collection":[{"href":"https:\/\/ollisavolainen.fi\/valmennus\/wp-json\/wp\/v2\/pages"}],"about":[{"href":"https:\/\/ollisavolainen.fi\/valmennus\/wp-json\/wp\/v2\/types\/page"}],"author":[{"embeddable":true,"href":"https:\/\/ollisavolainen.fi\/valmennus\/wp-json\/wp\/v2\/users\/1"}],"replies":[{"embeddable":true,"href":"https:\/\/ollisavolainen.fi\/valmennus\/wp-json\/wp\/v2\/comments?post=150"}],"version-history":[{"count":24,"href":"https:\/\/ollisavolainen.fi\/valmennus\/wp-json\/wp\/v2\/pages\/150\/revisions"}],"predecessor-version":[{"id":4232,"href":"https:\/\/ollisavolainen.fi\/valmennus\/wp-json\/wp\/v2\/pages\/150\/revisions\/4232"}],"wp:featuredmedia":[{"embeddable":true,"href":"https:\/\/ollisavolainen.fi\/valmennus\/wp-json\/wp\/v2\/media\/3516"}],"wp:attachment":[{"href":"https:\/\/ollisavolainen.fi\/valmennus\/wp-json\/wp\/v2\/media?parent=150"}],"curies":[{"name":"wp","href":"https:\/\/api.w.org\/{rel}","templated":true}]}}